{"id":353,"date":"2020-08-02T13:33:28","date_gmt":"2020-08-02T11:33:28","guid":{"rendered":"https:\/\/www.seelische-gesundheit.co.at\/?page_id=353"},"modified":"2020-08-02T14:13:24","modified_gmt":"2020-08-02T12:13:24","slug":"psychiater","status":"publish","type":"page","link":"https:\/\/www.seelische-gesundheit.co.at\/?page_id=353","title":{"rendered":"Neurologen"},"content":{"rendered":"\t\t<div data-elementor-type=\"wp-page\" data-elementor-id=\"353\" class=\"elementor elementor-353\">\n\t\t\t\t\t\t<div class=\"elementor-inner\">\n\t\t\t\t<div class=\"elementor-section-wrap\">\n\t\t\t\t\t\t\t\t\t<section class=\"elementor-section elementor-top-section elementor-element elementor-element-e21d36b elementor-section-boxed elementor-section-height-default elementor-section-height-default\" data-id=\"e21d36b\" data-element_type=\"section\">\n\t\t\t\t\t\t<div class=\"elementor-container elementor-column-gap-default\">\n\t\t\t\t\t\t\t<div class=\"elementor-row\">\n\t\t\t\t\t<div class=\"elementor-column elementor-col-100 elementor-top-column elementor-element elementor-element-7748f89\" data-id=\"7748f89\" data-element_type=\"column\">\n\t\t\t<div class=\"elementor-column-wrap elementor-element-populated\">\n\t\t\t\t\t\t\t<div class=\"elementor-widget-wrap\">\n\t\t\t\t\t\t<div class=\"elementor-element elementor-element-36d9942 elementor-widget elementor-widget-text-editor\" data-id=\"36d9942\" data-element_type=\"widget\" data-widget_type=\"text-editor.default\">\n\t\t\t\t<div class=\"elementor-widget-container\">\n\t\t\t\t\t\t\t\t<div class=\"elementor-text-editor elementor-clearfix\">\n\t\t\t\t<div class=\"elementor-element elementor-element-17030ab elementor-widget elementor-widget-text-editor\" data-id=\"17030ab\" data-element_type=\"widget\" data-widget_type=\"text-editor.default\"><div class=\"elementor-widget-container\"><div class=\"elementor-text-editor elementor-clearfix\"><p><strong>Facharzt f\u00fcr Neurologie, Spezialgebiet Schlafst\u00f6rungen<\/strong><br \/>Dr. Michael Saletu<\/p><p>In Mannsw\u00f6rth<br \/>Wahlarztordination Haus mit Herz<br \/>Mannsw\u00f6rther Strasse 59-61\/Stiege 21<br \/>A-2320 Schwechat-Mannsw\u00f6rth<br \/>Tel: 01\/7068600<\/p><p>In Rannersdorf<br \/>AZWAPO \u00c4rztezentrum zur Wallhofapotheke<br \/>M\u00f6wenweg 1, 2320 Rannersdorf<br \/>Nach telefonischer Terminvereinbarung unter Tel: 01\/7014554<br \/><a href=\"mailto:ordination@dr-saletu.at\">ordination@dr-saletu.at<\/a><\/p><\/div><\/div><\/div>\t\t\t\t\t<\/div>\n\t\t\t\t\t\t<\/div>\n\t\t\t\t<\/div>\n\t\t\t\t\t\t<\/div>\n\t\t\t\t\t<\/div>\n\t\t<\/div>\n\t\t\t\t\t\t\t\t<\/div>\n\t\t\t\t\t<\/div>\n\t\t<\/section>\n\t\t\t\t\t\t\t\t\t<\/div>\n\t\t\t<\/div>\n\t\t\t\t\t<\/div>\n\t\t","protected":false},"excerpt":{"rendered":"<p>Facharzt f\u00fcr Neurologie, Spezialgebiet Schlafst\u00f6rungen Dr. Michael Saletu In Mannsw\u00f6rth Wahlarztordination Haus mit Herz Mannsw\u00f6rther Strasse 59-61\/Stiege 21 A-2320 Schwechat-Mannsw\u00f6rth Tel: 01\/7068600 In Rannersdorf AZWAPO \u00c4rztezentrum zur Wallhofapotheke M\u00f6wenweg 1, 2320 Rannersdorf Nach telefonischer Terminvereinbarung unter Tel: 01\/7014554 ordination@dr-saletu.at<\/p>\n","protected":false},"author":1,"featured_media":0,"parent":0,"menu_order":0,"comment_status":"closed","ping_status":"closed","template":"","meta":[],"yoast_head":"<!-- This site is optimized with the Yoast SEO plugin v19.10 - https:\/\/yoast.com\/wordpress\/plugins\/seo\/ -->\n<title>Neurologen Bruck an der Leitha | Psychotherapie Mag. Karin Glaser<\/title>\n<meta name=\"description\" content=\"\u00dcbersicht \u00fcber meine Netzwerkpartner im Fachgebiet Neurolgie. Erfolgreiche Behandlung in Kombination mit psychotherapeutischer Betreuung.\" \/>\n<meta name=\"robots\" content=\"index, follow, max-snippet:-1, max-image-preview:large, max-video-preview:-1\" \/>\n<link rel=\"canonical\" href=\"https:\/\/www.seelische-gesundheit.co.at\/?page_id=353\" \/>\n<meta property=\"og:locale\" content=\"de_DE\" \/>\n<meta property=\"og:type\" content=\"article\" \/>\n<meta property=\"og:title\" content=\"Neurologen Bruck an der Leitha | Psychotherapie Mag. Karin Glaser\" \/>\n<meta property=\"og:description\" content=\"\u00dcbersicht \u00fcber meine Netzwerkpartner im Fachgebiet Neurolgie. Erfolgreiche Behandlung in Kombination mit psychotherapeutischer Betreuung.\" \/>\n<meta property=\"og:url\" content=\"https:\/\/www.seelische-gesundheit.co.at\/?page_id=353\" \/>\n<meta property=\"og:site_name\" content=\"Psychotherapie Mag. Karin Glaser\" \/>\n<meta property=\"article:modified_time\" content=\"2020-08-02T12:13:24+00:00\" \/>\n<meta name=\"twitter:card\" content=\"summary_large_image\" \/>\n<script type=\"application\/ld+json\" class=\"yoast-schema-graph\">{\"@context\":\"https:\/\/schema.org\",\"@graph\":[{\"@type\":\"WebPage\",\"@id\":\"https:\/\/www.seelische-gesundheit.co.at\/?page_id=353\",\"url\":\"https:\/\/www.seelische-gesundheit.co.at\/?page_id=353\",\"name\":\"Neurologen Bruck an der Leitha | Psychotherapie Mag. Karin Glaser\",\"isPartOf\":{\"@id\":\"https:\/\/www.seelische-gesundheit.co.at\/#website\"},\"datePublished\":\"2020-08-02T11:33:28+00:00\",\"dateModified\":\"2020-08-02T12:13:24+00:00\",\"description\":\"\u00dcbersicht \u00fcber meine Netzwerkpartner im Fachgebiet Neurolgie. Erfolgreiche Behandlung in Kombination mit psychotherapeutischer Betreuung.\",\"breadcrumb\":{\"@id\":\"https:\/\/www.seelische-gesundheit.co.at\/?page_id=353#breadcrumb\"},\"inLanguage\":\"de\",\"potentialAction\":[{\"@type\":\"ReadAction\",\"target\":[\"https:\/\/www.seelische-gesundheit.co.at\/?page_id=353\"]}]},{\"@type\":\"BreadcrumbList\",\"@id\":\"https:\/\/www.seelische-gesundheit.co.at\/?page_id=353#breadcrumb\",\"itemListElement\":[{\"@type\":\"ListItem\",\"position\":1,\"name\":\"Startseite\",\"item\":\"https:\/\/www.seelische-gesundheit.co.at\/\"},{\"@type\":\"ListItem\",\"position\":2,\"name\":\"Neurologen\"}]},{\"@type\":\"WebSite\",\"@id\":\"https:\/\/www.seelische-gesundheit.co.at\/#website\",\"url\":\"https:\/\/www.seelische-gesundheit.co.at\/\",\"name\":\"Psychotherapie Mag. Karin Glaser\",\"description\":\"Psychotherapie im Bezirk Bruck an der Leitha, Psychotherapie f\u00fcr Kinder, Jugendliche und Erwachsene\",\"potentialAction\":[{\"@type\":\"SearchAction\",\"target\":{\"@type\":\"EntryPoint\",\"urlTemplate\":\"https:\/\/www.seelische-gesundheit.co.at\/?s={search_term_string}\"},\"query-input\":\"required name=search_term_string\"}],\"inLanguage\":\"de\"}]}<\/script>\n<!-- \/ Yoast SEO plugin. -->","yoast_head_json":{"title":"Neurologen Bruck an der Leitha | Psychotherapie Mag. Karin Glaser","description":"\u00dcbersicht \u00fcber meine Netzwerkpartner im Fachgebiet Neurolgie. Erfolgreiche Behandlung in Kombination mit psychotherapeutischer Betreuung.","robots":{"index":"index","follow":"follow","max-snippet":"max-snippet:-1","max-image-preview":"max-image-preview:large","max-video-preview":"max-video-preview:-1"},"canonical":"https:\/\/www.seelische-gesundheit.co.at\/?page_id=353","og_locale":"de_DE","og_type":"article","og_title":"Neurologen Bruck an der Leitha | Psychotherapie Mag. Karin Glaser","og_description":"\u00dcbersicht \u00fcber meine Netzwerkpartner im Fachgebiet Neurolgie. Erfolgreiche Behandlung in Kombination mit psychotherapeutischer Betreuung.","og_url":"https:\/\/www.seelische-gesundheit.co.at\/?page_id=353","og_site_name":"Psychotherapie Mag. Karin Glaser","article_modified_time":"2020-08-02T12:13:24+00:00","twitter_card":"summary_large_image","schema":{"@context":"https:\/\/schema.org","@graph":[{"@type":"WebPage","@id":"https:\/\/www.seelische-gesundheit.co.at\/?page_id=353","url":"https:\/\/www.seelische-gesundheit.co.at\/?page_id=353","name":"Neurologen Bruck an der Leitha | Psychotherapie Mag. Karin Glaser","isPartOf":{"@id":"https:\/\/www.seelische-gesundheit.co.at\/#website"},"datePublished":"2020-08-02T11:33:28+00:00","dateModified":"2020-08-02T12:13:24+00:00","description":"\u00dcbersicht \u00fcber meine Netzwerkpartner im Fachgebiet Neurolgie. Erfolgreiche Behandlung in Kombination mit psychotherapeutischer Betreuung.","breadcrumb":{"@id":"https:\/\/www.seelische-gesundheit.co.at\/?page_id=353#breadcrumb"},"inLanguage":"de","potentialAction":[{"@type":"ReadAction","target":["https:\/\/www.seelische-gesundheit.co.at\/?page_id=353"]}]},{"@type":"BreadcrumbList","@id":"https:\/\/www.seelische-gesundheit.co.at\/?page_id=353#breadcrumb","itemListElement":[{"@type":"ListItem","position":1,"name":"Startseite","item":"https:\/\/www.seelische-gesundheit.co.at\/"},{"@type":"ListItem","position":2,"name":"Neurologen"}]},{"@type":"WebSite","@id":"https:\/\/www.seelische-gesundheit.co.at\/#website","url":"https:\/\/www.seelische-gesundheit.co.at\/","name":"Psychotherapie Mag. Karin Glaser","description":"Psychotherapie im Bezirk Bruck an der Leitha, Psychotherapie f\u00fcr Kinder, Jugendliche und Erwachsene","potentialAction":[{"@type":"SearchAction","target":{"@type":"EntryPoint","urlTemplate":"https:\/\/www.seelische-gesundheit.co.at\/?s={search_term_string}"},"query-input":"required name=search_term_string"}],"inLanguage":"de"}]}},"_links":{"self":[{"href":"https:\/\/www.seelische-gesundheit.co.at\/index.php?rest_route=\/wp\/v2\/pages\/353"}],"collection":[{"href":"https:\/\/www.seelische-gesundheit.co.at\/index.php?rest_route=\/wp\/v2\/pages"}],"about":[{"href":"https:\/\/www.seelische-gesundheit.co.at\/index.php?rest_route=\/wp\/v2\/types\/page"}],"author":[{"embeddable":true,"href":"https:\/\/www.seelische-gesundheit.co.at\/index.php?rest_route=\/wp\/v2\/users\/1"}],"replies":[{"embeddable":true,"href":"https:\/\/www.seelische-gesundheit.co.at\/index.php?rest_route=%2Fwp%2Fv2%2Fcomments&post=353"}],"version-history":[{"count":4,"href":"https:\/\/www.seelische-gesundheit.co.at\/index.php?rest_route=\/wp\/v2\/pages\/353\/revisions"}],"predecessor-version":[{"id":378,"href":"https:\/\/www.seelische-gesundheit.co.at\/index.php?rest_route=\/wp\/v2\/pages\/353\/revisions\/378"}],"wp:attachment":[{"href":"https:\/\/www.seelische-gesundheit.co.at\/index.php?rest_route=%2Fwp%2Fv2%2Fmedia&parent=353"}],"curies":[{"name":"wp","href":"https:\/\/api.w.org\/{rel}","templated":true}]}}