{"id":424,"date":"2020-09-29T14:44:57","date_gmt":"2020-09-29T12:44:57","guid":{"rendered":"https:\/\/www.seelische-gesundheit.co.at\/?page_id=424"},"modified":"2020-09-29T14:46:55","modified_gmt":"2020-09-29T12:46:55","slug":"depressionen-behandlung-psychotherapie-mag-karin-glaser","status":"publish","type":"page","link":"https:\/\/www.seelische-gesundheit.co.at\/?page_id=424","title":{"rendered":"Depressionen"},"content":{"rendered":"\t\t<div data-elementor-type=\"wp-page\" data-elementor-id=\"424\" class=\"elementor elementor-424\">\n\t\t\t\t\t\t<div class=\"elementor-inner\">\n\t\t\t\t<div class=\"elementor-section-wrap\">\n\t\t\t\t\t\t\t\t\t<section class=\"elementor-section elementor-top-section elementor-element elementor-element-69102a4 elementor-section-boxed elementor-section-height-default elementor-section-height-default\" data-id=\"69102a4\" data-element_type=\"section\">\n\t\t\t\t\t\t<div class=\"elementor-container elementor-column-gap-default\">\n\t\t\t\t\t\t\t<div class=\"elementor-row\">\n\t\t\t\t\t<div class=\"elementor-column elementor-col-100 elementor-top-column elementor-element elementor-element-a26277a\" data-id=\"a26277a\" data-element_type=\"column\">\n\t\t\t<div class=\"elementor-column-wrap elementor-element-populated\">\n\t\t\t\t\t\t\t<div class=\"elementor-widget-wrap\">\n\t\t\t\t\t\t<div class=\"elementor-element elementor-element-ce1e9e5 elementor-widget elementor-widget-heading\" data-id=\"ce1e9e5\" data-element_type=\"widget\" data-widget_type=\"heading.default\">\n\t\t\t\t<div class=\"elementor-widget-container\">\n\t\t\t<h2 class=\"elementor-heading-title elementor-size-default\">Depressionen<\/h2>\t\t<\/div>\n\t\t\t\t<\/div>\n\t\t\t\t\t\t<\/div>\n\t\t\t\t\t<\/div>\n\t\t<\/div>\n\t\t\t\t\t\t\t\t<\/div>\n\t\t\t\t\t<\/div>\n\t\t<\/section>\n\t\t\t\t<section class=\"elementor-section elementor-top-section elementor-element elementor-element-37705aa elementor-section-boxed elementor-section-height-default elementor-section-height-default\" data-id=\"37705aa\" data-element_type=\"section\">\n\t\t\t\t\t\t<div class=\"elementor-container elementor-column-gap-default\">\n\t\t\t\t\t\t\t<div class=\"elementor-row\">\n\t\t\t\t\t<div class=\"elementor-column elementor-col-100 elementor-top-column elementor-element elementor-element-bc69a79\" data-id=\"bc69a79\" data-element_type=\"column\">\n\t\t\t<div class=\"elementor-column-wrap elementor-element-populated\">\n\t\t\t\t\t\t\t<div class=\"elementor-widget-wrap\">\n\t\t\t\t\t\t<div class=\"elementor-element elementor-element-9e835b0 elementor-widget elementor-widget-text-editor\" data-id=\"9e835b0\" data-element_type=\"widget\" data-widget_type=\"text-editor.default\">\n\t\t\t\t<div class=\"elementor-widget-container\">\n\t\t\t\t\t\t\t\t<div class=\"elementor-text-editor elementor-clearfix\">\n\t\t\t\t<p>Als Depression bezeichnet man eine l\u00e4nger dauernde Zeitspanne, in der die Stimmung traurig-gedr\u00fcckt ist und Dinge, die fr\u00fcher Spass gemacht haben, keine Freude mehr bereiten. In diesen Phasen ist \u00fcblicherweise auch die innere Energie (Antrieb) vermindert. Es kostet enorme \u00dcberwindung, die Anforderungen des Alltags zu bew\u00e4ltigen. Betroffene verlieren typischerweise das Interesse an jenen Dingen, die Ihnen sonst wichtig sind.<br \/>Eine Depression ist eine Erkrankung und muss unbedingt ernst genommen werden. Sie kann schwer wiegende negative Folgen haben, wenn sie nicht behandelt wird.<\/p><p><br \/><strong>Bestehen bei einer Depression au\u00dfer der traurigen Stimmung noch andere Symptome?<\/strong><br \/>Die wichtigsten zus\u00e4tzlichen Anzeichen, die allerdings nicht bei jedem Menschen und nicht immer auftreten, sind: Interessenverlust, Antriebslosigkeit, vermindertes Denk- und Konzentrationsverm\u00f6gen, verlangsamtes Verhalten oder Unruhe, geringes Selbstvertrauen, Schuldgef\u00fchle, Schlaftst\u00f6rungen, Appetitlosigkeit, Hoffnungslosigkeit, Weinen, Schweigsamkeit, gesellschaftlicher R\u00fcckzug, Halluzinationen und Wahnideen, Tagesschwankungen und Suizidgedanken.<\/p><p><br \/><strong>\u00c4u\u00dfern sich Depressionen auch in k\u00f6rperlichen Beschwerden?<\/strong><br \/>Ja. Durchaus. M\u00fcdigkeit, Verdauungsprobleme, Zyklusst\u00f6rungen, Schmerzen, Muskelverspannungen und Herzrasen, Tinnitus sind einige Beschwerden, die manchmal mit einer Depression einhergehen. Diese St\u00f6rungen k\u00f6nnen aber auch Anzeichen f\u00fcr eine k\u00f6rperliche Erkrankung sein. Daher ist eine \u00e4rztliche Abkl\u00e4rung sehr wichtig.<\/p><p>Oft wird der erkrankten Menschen zugeschrieben, dass sie faul und labil sind und selbst daran schuld sind. Das ist falsch. Depression hat nicht das Geringste mit Schw\u00e4chen oder mangelnder innerlicher Festigkeit zu tun. Eine Depression ist eine Erkrankung, die durch vielf\u00e4ltige Faktoren ausgel\u00f6st werden kann. Bei der Entstehung einer Depression spielen biochemische Prozesse (Ungleichgewicht vom Neurotransmitterhaushalt) im Gehirn eine wichtige Rolle.<\/p><p><strong>Sonderform: Bipolare St\u00f6rung<\/strong><br \/>Eine bipolare St\u00f6rung ist eine eigene Erkrankung, die sowohl durch manische Phase mit euphorischer Stimmung und \u00dcberaktivit\u00e4t als auch durch depressive Phasen gekennzeichnet ist. Es kann aber auch eine gemischt manisch-depressive Symptomatik vorherrschen.<br \/>Die manischen bzw. depressiven Episoden dauern \u00fcblicherweise einige Monate. Zwischen den Krankheitsphasen sind die Betroffenen meist wieder v\u00f6llig gesund und leistungsf\u00e4hig.<\/p><p><em>Quelle: Univ.-Prof.Dr. Johannes Wancata: Von der Depression zur Lebensfreude. Gesund werden. Gesund bleiben. Band.4. Eine Buchreihe des Hauptverbandes der \u00f6sterreichischen Sozialversicherungstr\u00e4ger f\u00fcr Patientinnen und Patienten sowie deren Angeh\u00f6rige. MedMedia Verlag und Mediaservices Ges.m.b.H., 2013, S. 88 sowie S.19.<\/em><\/p>\t\t\t\t\t<\/div>\n\t\t\t\t\t\t<\/div>\n\t\t\t\t<\/div>\n\t\t\t\t\t\t<\/div>\n\t\t\t\t\t<\/div>\n\t\t<\/div>\n\t\t\t\t\t\t\t\t<\/div>\n\t\t\t\t\t<\/div>\n\t\t<\/section>\n\t\t\t\t\t\t\t\t\t<\/div>\n\t\t\t<\/div>\n\t\t\t\t\t<\/div>\n\t\t","protected":false},"excerpt":{"rendered":"<p>Depressionen Als Depression bezeichnet man eine l\u00e4nger dauernde Zeitspanne, in der die Stimmung traurig-gedr\u00fcckt ist und Dinge, die fr\u00fcher Spass gemacht haben, keine Freude mehr bereiten. In diesen Phasen ist \u00fcblicherweise auch die innere Energie (Antrieb) vermindert. Es kostet enorme \u00dcberwindung, die Anforderungen des Alltags zu bew\u00e4ltigen. Betroffene verlieren typischerweise das Interesse an jenen Dingen, [&hellip;]<\/p>\n","protected":false},"author":1,"featured_media":0,"parent":0,"menu_order":0,"comment_status":"closed","ping_status":"closed","template":"","meta":[],"yoast_head":"<!-- This site is optimized with the Yoast SEO plugin v19.10 - https:\/\/yoast.com\/wordpress\/plugins\/seo\/ -->\n<title>Depressionen - Psychotherapie Mag. Karin Glaser<\/title>\n<meta name=\"description\" content=\"Behandlung von Depressionen im Bezirk Bruck an der Leitha. Psychotherapie Mag. Karin Glaser in Maria Ellend oder am Gesundheitsztentrum Flughafen.\" \/>\n<meta name=\"robots\" content=\"index, follow, max-snippet:-1, max-image-preview:large, max-video-preview:-1\" \/>\n<link rel=\"canonical\" href=\"https:\/\/www.seelische-gesundheit.co.at\/?page_id=424\" \/>\n<meta property=\"og:locale\" content=\"de_DE\" \/>\n<meta property=\"og:type\" content=\"article\" \/>\n<meta property=\"og:title\" content=\"Depressionen - Psychotherapie Mag. Karin Glaser\" \/>\n<meta property=\"og:description\" content=\"Behandlung von Depressionen im Bezirk Bruck an der Leitha. Psychotherapie Mag. Karin Glaser in Maria Ellend oder am Gesundheitsztentrum Flughafen.\" \/>\n<meta property=\"og:url\" content=\"https:\/\/www.seelische-gesundheit.co.at\/?page_id=424\" \/>\n<meta property=\"og:site_name\" content=\"Psychotherapie Mag. Karin Glaser\" \/>\n<meta property=\"article:modified_time\" content=\"2020-09-29T12:46:55+00:00\" \/>\n<meta name=\"twitter:card\" content=\"summary_large_image\" \/>\n<meta name=\"twitter:label1\" content=\"Gesch\u00e4tzte Lesezeit\" \/>\n\t<meta name=\"twitter:data1\" content=\"2\u00a0Minuten\" \/>\n<script type=\"application\/ld+json\" class=\"yoast-schema-graph\">{\"@context\":\"https:\/\/schema.org\",\"@graph\":[{\"@type\":\"WebPage\",\"@id\":\"https:\/\/www.seelische-gesundheit.co.at\/?page_id=424\",\"url\":\"https:\/\/www.seelische-gesundheit.co.at\/?page_id=424\",\"name\":\"Depressionen - Psychotherapie Mag. Karin Glaser\",\"isPartOf\":{\"@id\":\"https:\/\/www.seelische-gesundheit.co.at\/#website\"},\"datePublished\":\"2020-09-29T12:44:57+00:00\",\"dateModified\":\"2020-09-29T12:46:55+00:00\",\"description\":\"Behandlung von Depressionen im Bezirk Bruck an der Leitha. Psychotherapie Mag. Karin Glaser in Maria Ellend oder am Gesundheitsztentrum Flughafen.\",\"breadcrumb\":{\"@id\":\"https:\/\/www.seelische-gesundheit.co.at\/?page_id=424#breadcrumb\"},\"inLanguage\":\"de\",\"potentialAction\":[{\"@type\":\"ReadAction\",\"target\":[\"https:\/\/www.seelische-gesundheit.co.at\/?page_id=424\"]}]},{\"@type\":\"BreadcrumbList\",\"@id\":\"https:\/\/www.seelische-gesundheit.co.at\/?page_id=424#breadcrumb\",\"itemListElement\":[{\"@type\":\"ListItem\",\"position\":1,\"name\":\"Startseite\",\"item\":\"https:\/\/www.seelische-gesundheit.co.at\/\"},{\"@type\":\"ListItem\",\"position\":2,\"name\":\"Depressionen\"}]},{\"@type\":\"WebSite\",\"@id\":\"https:\/\/www.seelische-gesundheit.co.at\/#website\",\"url\":\"https:\/\/www.seelische-gesundheit.co.at\/\",\"name\":\"Psychotherapie Mag. Karin Glaser\",\"description\":\"Psychotherapie im Bezirk Bruck an der Leitha, Psychotherapie f\u00fcr Kinder, Jugendliche und Erwachsene\",\"potentialAction\":[{\"@type\":\"SearchAction\",\"target\":{\"@type\":\"EntryPoint\",\"urlTemplate\":\"https:\/\/www.seelische-gesundheit.co.at\/?s={search_term_string}\"},\"query-input\":\"required name=search_term_string\"}],\"inLanguage\":\"de\"}]}<\/script>\n<!-- \/ Yoast SEO plugin. -->","yoast_head_json":{"title":"Depressionen - Psychotherapie Mag. Karin Glaser","description":"Behandlung von Depressionen im Bezirk Bruck an der Leitha. Psychotherapie Mag. Karin Glaser in Maria Ellend oder am Gesundheitsztentrum Flughafen.","robots":{"index":"index","follow":"follow","max-snippet":"max-snippet:-1","max-image-preview":"max-image-preview:large","max-video-preview":"max-video-preview:-1"},"canonical":"https:\/\/www.seelische-gesundheit.co.at\/?page_id=424","og_locale":"de_DE","og_type":"article","og_title":"Depressionen - Psychotherapie Mag. Karin Glaser","og_description":"Behandlung von Depressionen im Bezirk Bruck an der Leitha. Psychotherapie Mag. Karin Glaser in Maria Ellend oder am Gesundheitsztentrum Flughafen.","og_url":"https:\/\/www.seelische-gesundheit.co.at\/?page_id=424","og_site_name":"Psychotherapie Mag. Karin Glaser","article_modified_time":"2020-09-29T12:46:55+00:00","twitter_card":"summary_large_image","twitter_misc":{"Gesch\u00e4tzte Lesezeit":"2\u00a0Minuten"},"schema":{"@context":"https:\/\/schema.org","@graph":[{"@type":"WebPage","@id":"https:\/\/www.seelische-gesundheit.co.at\/?page_id=424","url":"https:\/\/www.seelische-gesundheit.co.at\/?page_id=424","name":"Depressionen - Psychotherapie Mag. Karin Glaser","isPartOf":{"@id":"https:\/\/www.seelische-gesundheit.co.at\/#website"},"datePublished":"2020-09-29T12:44:57+00:00","dateModified":"2020-09-29T12:46:55+00:00","description":"Behandlung von Depressionen im Bezirk Bruck an der Leitha. Psychotherapie Mag. Karin Glaser in Maria Ellend oder am Gesundheitsztentrum Flughafen.","breadcrumb":{"@id":"https:\/\/www.seelische-gesundheit.co.at\/?page_id=424#breadcrumb"},"inLanguage":"de","potentialAction":[{"@type":"ReadAction","target":["https:\/\/www.seelische-gesundheit.co.at\/?page_id=424"]}]},{"@type":"BreadcrumbList","@id":"https:\/\/www.seelische-gesundheit.co.at\/?page_id=424#breadcrumb","itemListElement":[{"@type":"ListItem","position":1,"name":"Startseite","item":"https:\/\/www.seelische-gesundheit.co.at\/"},{"@type":"ListItem","position":2,"name":"Depressionen"}]},{"@type":"WebSite","@id":"https:\/\/www.seelische-gesundheit.co.at\/#website","url":"https:\/\/www.seelische-gesundheit.co.at\/","name":"Psychotherapie Mag. Karin Glaser","description":"Psychotherapie im Bezirk Bruck an der Leitha, Psychotherapie f\u00fcr Kinder, Jugendliche und Erwachsene","potentialAction":[{"@type":"SearchAction","target":{"@type":"EntryPoint","urlTemplate":"https:\/\/www.seelische-gesundheit.co.at\/?s={search_term_string}"},"query-input":"required name=search_term_string"}],"inLanguage":"de"}]}},"_links":{"self":[{"href":"https:\/\/www.seelische-gesundheit.co.at\/index.php?rest_route=\/wp\/v2\/pages\/424"}],"collection":[{"href":"https:\/\/www.seelische-gesundheit.co.at\/index.php?rest_route=\/wp\/v2\/pages"}],"about":[{"href":"https:\/\/www.seelische-gesundheit.co.at\/index.php?rest_route=\/wp\/v2\/types\/page"}],"author":[{"embeddable":true,"href":"https:\/\/www.seelische-gesundheit.co.at\/index.php?rest_route=\/wp\/v2\/users\/1"}],"replies":[{"embeddable":true,"href":"https:\/\/www.seelische-gesundheit.co.at\/index.php?rest_route=%2Fwp%2Fv2%2Fcomments&post=424"}],"version-history":[{"count":4,"href":"https:\/\/www.seelische-gesundheit.co.at\/index.php?rest_route=\/wp\/v2\/pages\/424\/revisions"}],"predecessor-version":[{"id":428,"href":"https:\/\/www.seelische-gesundheit.co.at\/index.php?rest_route=\/wp\/v2\/pages\/424\/revisions\/428"}],"wp:attachment":[{"href":"https:\/\/www.seelische-gesundheit.co.at\/index.php?rest_route=%2Fwp%2Fv2%2Fmedia&parent=424"}],"curies":[{"name":"wp","href":"https:\/\/api.w.org\/{rel}","templated":true}]}}