{"id":453,"date":"2020-10-25T19:56:21","date_gmt":"2020-10-25T18:56:21","guid":{"rendered":"https:\/\/www.seelische-gesundheit.co.at\/?page_id=453"},"modified":"2020-10-25T19:58:44","modified_gmt":"2020-10-25T18:58:44","slug":"psychologische-kindernotfaelle-mag-karin-glaser","status":"publish","type":"page","link":"https:\/\/www.seelische-gesundheit.co.at\/?page_id=453","title":{"rendered":"Notf\u00e4lle Kinder"},"content":{"rendered":"\t\t<div data-elementor-type=\"wp-page\" data-elementor-id=\"453\" class=\"elementor elementor-453\">\n\t\t\t\t\t\t<div class=\"elementor-inner\">\n\t\t\t\t<div class=\"elementor-section-wrap\">\n\t\t\t\t\t\t\t\t\t<section class=\"elementor-section elementor-top-section elementor-element elementor-element-eccdbfc elementor-section-boxed elementor-section-height-default elementor-section-height-default\" data-id=\"eccdbfc\" data-element_type=\"section\">\n\t\t\t\t\t\t<div class=\"elementor-container elementor-column-gap-default\">\n\t\t\t\t\t\t\t<div class=\"elementor-row\">\n\t\t\t\t\t<div class=\"elementor-column elementor-col-100 elementor-top-column elementor-element elementor-element-597a21b\" data-id=\"597a21b\" data-element_type=\"column\">\n\t\t\t<div class=\"elementor-column-wrap elementor-element-populated\">\n\t\t\t\t\t\t\t<div class=\"elementor-widget-wrap\">\n\t\t\t\t\t\t<div class=\"elementor-element elementor-element-5b9028c elementor-widget elementor-widget-text-editor\" data-id=\"5b9028c\" data-element_type=\"widget\" data-widget_type=\"text-editor.default\">\n\t\t\t\t<div class=\"elementor-widget-container\">\n\t\t\t\t\t\t\t\t<div class=\"elementor-text-editor elementor-clearfix\">\n\t\t\t\t<p><strong>Notf\u00e4lle und psychische Krisen bei Kindern<\/strong> <br \/>Bei Notf\u00e4llen wenden Sie sich bitte an die zust\u00e4ndige Akutpsychiatrie. Die Zust\u00e4ndigkeit ist abh\u00e4ngig von ihrer Meldeadresse.<\/p><p><strong>Zust\u00e4ndigkeit Landesklinikum Tulln: <\/strong>Tulln, Krems Stadt, Krems Land, Hollabrunn, Korneuburg, Mistelbach, G\u00e4nserndorf<\/p><p><strong>Zust\u00e4ndigkeit Landesklinikum Hinterbr\u00fchl\/M\u00f6dling: <\/strong>Baden, Bruck\/Leitha, M\u00f6dling, Neunkirchen, Wiener Neustadt, Schwechat, Eisenstadt, Mattersburg, Neusiedl\/See und Oberpullendorf<\/p><p><strong>Wien<\/strong><br \/><strong>Zust\u00e4ndigkeit AKH:\u00a0 <\/strong>4-9. Bezirk, 16-18. Bezirk, 21.+22. Bezirk<br \/><strong>Zust\u00e4ndigkeit KH Rosenh\u00fcgel: <\/strong>1-3. Bezirk, 10.-15. Bezirk, 19.+20. Bezirk, 23. Bezirk<\/p>\t\t\t\t\t<\/div>\n\t\t\t\t\t\t<\/div>\n\t\t\t\t<\/div>\n\t\t\t\t\t\t<\/div>\n\t\t\t\t\t<\/div>\n\t\t<\/div>\n\t\t\t\t\t\t\t\t<\/div>\n\t\t\t\t\t<\/div>\n\t\t<\/section>\n\t\t\t\t\t\t\t\t\t<\/div>\n\t\t\t<\/div>\n\t\t\t\t\t<\/div>\n\t\t","protected":false},"excerpt":{"rendered":"<p>Notf\u00e4lle und psychische Krisen bei Kindern Bei Notf\u00e4llen wenden Sie sich bitte an die zust\u00e4ndige Akutpsychiatrie. Die Zust\u00e4ndigkeit ist abh\u00e4ngig von ihrer Meldeadresse. Zust\u00e4ndigkeit Landesklinikum Tulln: Tulln, Krems Stadt, Krems Land, Hollabrunn, Korneuburg, Mistelbach, G\u00e4nserndorf Zust\u00e4ndigkeit Landesklinikum Hinterbr\u00fchl\/M\u00f6dling: Baden, Bruck\/Leitha, M\u00f6dling, Neunkirchen, Wiener Neustadt, Schwechat, Eisenstadt, Mattersburg, Neusiedl\/See und Oberpullendorf WienZust\u00e4ndigkeit AKH:\u00a0 4-9. Bezirk, 16-18. [&hellip;]<\/p>\n","protected":false},"author":1,"featured_media":0,"parent":0,"menu_order":0,"comment_status":"closed","ping_status":"closed","template":"","meta":[],"yoast_head":"<!-- This site is optimized with the Yoast SEO plugin v19.10 - https:\/\/yoast.com\/wordpress\/plugins\/seo\/ -->\n<title>Notf\u00e4lle Kinder - Psychotherapie Mag. Karin Glaser<\/title>\n<meta name=\"description\" content=\"Behandlung von psychologischen Notf\u00e4llen (inklusive suizidaler Krisen) bei Kindern. Psychotherapeutin Mag. Karin Glaser in Maria Ellend.\" \/>\n<meta name=\"robots\" content=\"index, follow, max-snippet:-1, max-image-preview:large, max-video-preview:-1\" \/>\n<link rel=\"canonical\" href=\"https:\/\/www.seelische-gesundheit.co.at\/?page_id=453\" \/>\n<meta property=\"og:locale\" content=\"de_DE\" \/>\n<meta property=\"og:type\" content=\"article\" \/>\n<meta property=\"og:title\" content=\"Notf\u00e4lle Kinder - Psychotherapie Mag. Karin Glaser\" \/>\n<meta property=\"og:description\" content=\"Behandlung von psychologischen Notf\u00e4llen (inklusive suizidaler Krisen) bei Kindern. Psychotherapeutin Mag. Karin Glaser in Maria Ellend.\" \/>\n<meta property=\"og:url\" content=\"https:\/\/www.seelische-gesundheit.co.at\/?page_id=453\" \/>\n<meta property=\"og:site_name\" content=\"Psychotherapie Mag. Karin Glaser\" \/>\n<meta property=\"article:modified_time\" content=\"2020-10-25T18:58:44+00:00\" \/>\n<meta name=\"twitter:card\" content=\"summary_large_image\" \/>\n<script type=\"application\/ld+json\" class=\"yoast-schema-graph\">{\"@context\":\"https:\/\/schema.org\",\"@graph\":[{\"@type\":\"WebPage\",\"@id\":\"https:\/\/www.seelische-gesundheit.co.at\/?page_id=453\",\"url\":\"https:\/\/www.seelische-gesundheit.co.at\/?page_id=453\",\"name\":\"Notf\u00e4lle Kinder - Psychotherapie Mag. Karin Glaser\",\"isPartOf\":{\"@id\":\"https:\/\/www.seelische-gesundheit.co.at\/#website\"},\"datePublished\":\"2020-10-25T18:56:21+00:00\",\"dateModified\":\"2020-10-25T18:58:44+00:00\",\"description\":\"Behandlung von psychologischen Notf\u00e4llen (inklusive suizidaler Krisen) bei Kindern. Psychotherapeutin Mag. Karin Glaser in Maria Ellend.\",\"breadcrumb\":{\"@id\":\"https:\/\/www.seelische-gesundheit.co.at\/?page_id=453#breadcrumb\"},\"inLanguage\":\"de\",\"potentialAction\":[{\"@type\":\"ReadAction\",\"target\":[\"https:\/\/www.seelische-gesundheit.co.at\/?page_id=453\"]}]},{\"@type\":\"BreadcrumbList\",\"@id\":\"https:\/\/www.seelische-gesundheit.co.at\/?page_id=453#breadcrumb\",\"itemListElement\":[{\"@type\":\"ListItem\",\"position\":1,\"name\":\"Startseite\",\"item\":\"https:\/\/www.seelische-gesundheit.co.at\/\"},{\"@type\":\"ListItem\",\"position\":2,\"name\":\"Notf\u00e4lle Kinder\"}]},{\"@type\":\"WebSite\",\"@id\":\"https:\/\/www.seelische-gesundheit.co.at\/#website\",\"url\":\"https:\/\/www.seelische-gesundheit.co.at\/\",\"name\":\"Psychotherapie Mag. Karin Glaser\",\"description\":\"Psychotherapie im Bezirk Bruck an der Leitha, Psychotherapie f\u00fcr Kinder, Jugendliche und Erwachsene\",\"potentialAction\":[{\"@type\":\"SearchAction\",\"target\":{\"@type\":\"EntryPoint\",\"urlTemplate\":\"https:\/\/www.seelische-gesundheit.co.at\/?s={search_term_string}\"},\"query-input\":\"required name=search_term_string\"}],\"inLanguage\":\"de\"}]}<\/script>\n<!-- \/ Yoast SEO plugin. -->","yoast_head_json":{"title":"Notf\u00e4lle Kinder - Psychotherapie Mag. Karin Glaser","description":"Behandlung von psychologischen Notf\u00e4llen (inklusive suizidaler Krisen) bei Kindern. Psychotherapeutin Mag. Karin Glaser in Maria Ellend.","robots":{"index":"index","follow":"follow","max-snippet":"max-snippet:-1","max-image-preview":"max-image-preview:large","max-video-preview":"max-video-preview:-1"},"canonical":"https:\/\/www.seelische-gesundheit.co.at\/?page_id=453","og_locale":"de_DE","og_type":"article","og_title":"Notf\u00e4lle Kinder - Psychotherapie Mag. Karin Glaser","og_description":"Behandlung von psychologischen Notf\u00e4llen (inklusive suizidaler Krisen) bei Kindern. Psychotherapeutin Mag. Karin Glaser in Maria Ellend.","og_url":"https:\/\/www.seelische-gesundheit.co.at\/?page_id=453","og_site_name":"Psychotherapie Mag. Karin Glaser","article_modified_time":"2020-10-25T18:58:44+00:00","twitter_card":"summary_large_image","schema":{"@context":"https:\/\/schema.org","@graph":[{"@type":"WebPage","@id":"https:\/\/www.seelische-gesundheit.co.at\/?page_id=453","url":"https:\/\/www.seelische-gesundheit.co.at\/?page_id=453","name":"Notf\u00e4lle Kinder - Psychotherapie Mag. Karin Glaser","isPartOf":{"@id":"https:\/\/www.seelische-gesundheit.co.at\/#website"},"datePublished":"2020-10-25T18:56:21+00:00","dateModified":"2020-10-25T18:58:44+00:00","description":"Behandlung von psychologischen Notf\u00e4llen (inklusive suizidaler Krisen) bei Kindern. Psychotherapeutin Mag. Karin Glaser in Maria Ellend.","breadcrumb":{"@id":"https:\/\/www.seelische-gesundheit.co.at\/?page_id=453#breadcrumb"},"inLanguage":"de","potentialAction":[{"@type":"ReadAction","target":["https:\/\/www.seelische-gesundheit.co.at\/?page_id=453"]}]},{"@type":"BreadcrumbList","@id":"https:\/\/www.seelische-gesundheit.co.at\/?page_id=453#breadcrumb","itemListElement":[{"@type":"ListItem","position":1,"name":"Startseite","item":"https:\/\/www.seelische-gesundheit.co.at\/"},{"@type":"ListItem","position":2,"name":"Notf\u00e4lle Kinder"}]},{"@type":"WebSite","@id":"https:\/\/www.seelische-gesundheit.co.at\/#website","url":"https:\/\/www.seelische-gesundheit.co.at\/","name":"Psychotherapie Mag. Karin Glaser","description":"Psychotherapie im Bezirk Bruck an der Leitha, Psychotherapie f\u00fcr Kinder, Jugendliche und Erwachsene","potentialAction":[{"@type":"SearchAction","target":{"@type":"EntryPoint","urlTemplate":"https:\/\/www.seelische-gesundheit.co.at\/?s={search_term_string}"},"query-input":"required name=search_term_string"}],"inLanguage":"de"}]}},"_links":{"self":[{"href":"https:\/\/www.seelische-gesundheit.co.at\/index.php?rest_route=\/wp\/v2\/pages\/453"}],"collection":[{"href":"https:\/\/www.seelische-gesundheit.co.at\/index.php?rest_route=\/wp\/v2\/pages"}],"about":[{"href":"https:\/\/www.seelische-gesundheit.co.at\/index.php?rest_route=\/wp\/v2\/types\/page"}],"author":[{"embeddable":true,"href":"https:\/\/www.seelische-gesundheit.co.at\/index.php?rest_route=\/wp\/v2\/users\/1"}],"replies":[{"embeddable":true,"href":"https:\/\/www.seelische-gesundheit.co.at\/index.php?rest_route=%2Fwp%2Fv2%2Fcomments&post=453"}],"version-history":[{"count":2,"href":"https:\/\/www.seelische-gesundheit.co.at\/index.php?rest_route=\/wp\/v2\/pages\/453\/revisions"}],"predecessor-version":[{"id":455,"href":"https:\/\/www.seelische-gesundheit.co.at\/index.php?rest_route=\/wp\/v2\/pages\/453\/revisions\/455"}],"wp:attachment":[{"href":"https:\/\/www.seelische-gesundheit.co.at\/index.php?rest_route=%2Fwp%2Fv2%2Fmedia&parent=453"}],"curies":[{"name":"wp","href":"https:\/\/api.w.org\/{rel}","templated":true}]}}