{"id":59,"date":"2020-06-21T22:41:07","date_gmt":"2020-06-21T20:41:07","guid":{"rendered":"http:\/\/www.seelische-gesundheit.co.at\/NEU\/?page_id=59"},"modified":"2024-11-03T15:09:25","modified_gmt":"2024-11-03T14:09:25","slug":"home","status":"publish","type":"page","link":"https:\/\/www.seelische-gesundheit.co.at\/","title":{"rendered":"\u00dcber mich"},"content":{"rendered":"\t\t<div data-elementor-type=\"wp-page\" data-elementor-id=\"59\" class=\"elementor elementor-59\">\n\t\t\t\t\t\t<div class=\"elementor-inner\">\n\t\t\t\t<div class=\"elementor-section-wrap\">\n\t\t\t\t\t\t\t\t\t<section class=\"elementor-section elementor-top-section elementor-element elementor-element-90ecc56 elementor-section-boxed elementor-section-height-default elementor-section-height-default\" data-id=\"90ecc56\" data-element_type=\"section\">\n\t\t\t\t\t\t<div class=\"elementor-container elementor-column-gap-default\">\n\t\t\t\t\t\t\t<div class=\"elementor-row\">\n\t\t\t\t\t<div class=\"elementor-column elementor-col-33 elementor-top-column elementor-element elementor-element-6f36ff5\" data-id=\"6f36ff5\" data-element_type=\"column\">\n\t\t\t<div class=\"elementor-column-wrap elementor-element-populated\">\n\t\t\t\t\t\t\t<div class=\"elementor-widget-wrap\">\n\t\t\t\t\t\t<div class=\"elementor-element elementor-element-27ae4fd elementor-widget elementor-widget-image\" data-id=\"27ae4fd\" data-element_type=\"widget\" data-widget_type=\"image.default\">\n\t\t\t\t<div class=\"elementor-widget-container\">\n\t\t\t\t\t\t\t\t<div class=\"elementor-image\">\n\t\t\t\t\t\t\t\t\t\t\t\t<img decoding=\"async\" width=\"683\" height=\"1024\" src=\"https:\/\/www.seelische-gesundheit.co.at\/wp-content\/uploads\/2020\/06\/IMG_0596-683x1024.jpg\" class=\"attachment-large size-large\" alt=\"\" loading=\"lazy\" srcset=\"https:\/\/www.seelische-gesundheit.co.at\/wp-content\/uploads\/2020\/06\/IMG_0596-683x1024.jpg 683w, https:\/\/www.seelische-gesundheit.co.at\/wp-content\/uploads\/2020\/06\/IMG_0596-200x300.jpg 200w, https:\/\/www.seelische-gesundheit.co.at\/wp-content\/uploads\/2020\/06\/IMG_0596-768x1152.jpg 768w, https:\/\/www.seelische-gesundheit.co.at\/wp-content\/uploads\/2020\/06\/IMG_0596-1024x1536.jpg 1024w, https:\/\/www.seelische-gesundheit.co.at\/wp-content\/uploads\/2020\/06\/IMG_0596-1365x2048.jpg 1365w, https:\/\/www.seelische-gesundheit.co.at\/wp-content\/uploads\/2020\/06\/IMG_0596-1200x1800.jpg 1200w, https:\/\/www.seelische-gesundheit.co.at\/wp-content\/uploads\/2020\/06\/IMG_0596-1980x2970.jpg 1980w, https:\/\/www.seelische-gesundheit.co.at\/wp-content\/uploads\/2020\/06\/IMG_0596-scaled.jpg 1707w\" sizes=\"(max-width: 683px) 100vw, 683px\" \/>\t\t\t\t\t\t\t\t\t\t\t\t\t\t<\/div>\n\t\t\t\t\t\t<\/div>\n\t\t\t\t<\/div>\n\t\t\t\t\t\t<\/div>\n\t\t\t\t\t<\/div>\n\t\t<\/div>\n\t\t\t\t<div class=\"elementor-column elementor-col-66 elementor-top-column elementor-element elementor-element-0bb97de\" data-id=\"0bb97de\" data-element_type=\"column\">\n\t\t\t<div class=\"elementor-column-wrap elementor-element-populated\">\n\t\t\t\t\t\t\t<div class=\"elementor-widget-wrap\">\n\t\t\t\t\t\t<div class=\"elementor-element elementor-element-29a9063 elementor-widget elementor-widget-heading\" data-id=\"29a9063\" data-element_type=\"widget\" data-widget_type=\"heading.default\">\n\t\t\t\t<div class=\"elementor-widget-container\">\n\t\t\t<h2 class=\"elementor-heading-title elementor-size-default\">\u00dcber mich<\/h2>\t\t<\/div>\n\t\t\t\t<\/div>\n\t\t\t\t<div class=\"elementor-element elementor-element-06e47be elementor-widget elementor-widget-text-editor\" data-id=\"06e47be\" data-element_type=\"widget\" data-widget_type=\"text-editor.default\">\n\t\t\t\t<div class=\"elementor-widget-container\">\n\t\t\t\t\t\t\t\t<div class=\"elementor-text-editor elementor-clearfix\">\n\t\t\t\t<p>Mag. Karin Glaser<\/p><p>Klinische Psychologin<br \/>Gesundheitspsychologin<br \/>Psychotherapeutin (Verhaltenstherapie)<br \/>Ich biete Psychotherapie im Bezirk Bruck an der Leitha f\u00fcr Erwachsene an.<br \/>Ich arbeite verhaltenstherapeutisch, schematherapeutisch und mittels EMDR &#8211; einer traumaspezifischen Behandlungsmethode<\/p>\t\t\t\t\t<\/div>\n\t\t\t\t\t\t<\/div>\n\t\t\t\t<\/div>\n\t\t\t\t\t\t<\/div>\n\t\t\t\t\t<\/div>\n\t\t<\/div>\n\t\t\t\t\t\t\t\t<\/div>\n\t\t\t\t\t<\/div>\n\t\t<\/section>\n\t\t\t\t<section class=\"elementor-section elementor-top-section elementor-element elementor-element-25d44f8 elementor-section-boxed elementor-section-height-default elementor-section-height-default\" data-id=\"25d44f8\" data-element_type=\"section\">\n\t\t\t\t\t\t<div class=\"elementor-container elementor-column-gap-default\">\n\t\t\t\t\t\t\t<div class=\"elementor-row\">\n\t\t\t\t\t<div class=\"elementor-column elementor-col-33 elementor-top-column elementor-element elementor-element-2fb30ca\" data-id=\"2fb30ca\" data-element_type=\"column\">\n\t\t\t<div class=\"elementor-column-wrap elementor-element-populated\">\n\t\t\t\t\t\t\t<div class=\"elementor-widget-wrap\">\n\t\t\t\t\t\t<div class=\"elementor-element elementor-element-95b7952 elementor-view-default elementor-widget elementor-widget-icon\" data-id=\"95b7952\" data-element_type=\"widget\" data-widget_type=\"icon.default\">\n\t\t\t\t<div class=\"elementor-widget-container\">\n\t\t\t\t\t<div class=\"elementor-icon-wrapper\">\n\t\t\t<div class=\"elementor-icon\">\n\t\t\t<i aria-hidden=\"true\" class=\"fas fa-couch\"><\/i>\t\t\t<\/div>\n\t\t<\/div>\n\t\t\t\t<\/div>\n\t\t\t\t<\/div>\n\t\t\t\t<div class=\"elementor-element elementor-element-fd99537 elementor-widget elementor-widget-heading\" data-id=\"fd99537\" data-element_type=\"widget\" data-widget_type=\"heading.default\">\n\t\t\t\t<div class=\"elementor-widget-container\">\n\t\t\t<h2 class=\"elementor-heading-title elementor-size-default\">Berufserfahrung<\/h2>\t\t<\/div>\n\t\t\t\t<\/div>\n\t\t\t\t<div class=\"elementor-element elementor-element-99bfb79 elementor-widget elementor-widget-text-editor\" data-id=\"99bfb79\" data-element_type=\"widget\" data-widget_type=\"text-editor.default\">\n\t\t\t\t<div class=\"elementor-widget-container\">\n\t\t\t\t\t\t\t\t<div class=\"elementor-text-editor elementor-clearfix\">\n\t\t\t\t<ul><li>Psychotherapeutin am Psychosomatischen Zentrum Eggenburg am Kompetenzbereich Schmerzst\u00f6rungen, Angstst\u00f6rungen und affektive St\u00f6rungen<\/li><li>Psychotherapeutin in Ausbildung unter Supervision am AKH Wien, Kinder- und Jugendpsychiatrie<\/li><li>Klinische Psychologin im Fl\u00fcchtlingsbereich (Arbeit mit traumatisierten Kindern, Familien und Erwachsenen)<\/li><li>Psychologin im Zentrum f\u00fcr seelische Gesundheit (BBRZ Med)<\/li><li>Lehrt\u00e4tigkeit im Wiener Roten Kreuz<\/li><li>Artikel f\u00fcr die Kronenzeitung<\/li><\/ul>\t\t\t\t\t<\/div>\n\t\t\t\t\t\t<\/div>\n\t\t\t\t<\/div>\n\t\t\t\t\t\t<\/div>\n\t\t\t\t\t<\/div>\n\t\t<\/div>\n\t\t\t\t<div class=\"elementor-column elementor-col-33 elementor-top-column elementor-element elementor-element-e284ac1\" data-id=\"e284ac1\" data-element_type=\"column\">\n\t\t\t<div class=\"elementor-column-wrap elementor-element-populated\">\n\t\t\t\t\t\t\t<div class=\"elementor-widget-wrap\">\n\t\t\t\t\t\t<div class=\"elementor-element elementor-element-01bdf52 elementor-view-default elementor-widget elementor-widget-icon\" data-id=\"01bdf52\" data-element_type=\"widget\" data-widget_type=\"icon.default\">\n\t\t\t\t<div class=\"elementor-widget-container\">\n\t\t\t\t\t<div class=\"elementor-icon-wrapper\">\n\t\t\t<div class=\"elementor-icon\">\n\t\t\t<i aria-hidden=\"true\" class=\"fas fa-book\"><\/i>\t\t\t<\/div>\n\t\t<\/div>\n\t\t\t\t<\/div>\n\t\t\t\t<\/div>\n\t\t\t\t<div class=\"elementor-element elementor-element-e2a45a5 elementor-widget elementor-widget-heading\" data-id=\"e2a45a5\" data-element_type=\"widget\" data-widget_type=\"heading.default\">\n\t\t\t\t<div class=\"elementor-widget-container\">\n\t\t\t<h2 class=\"elementor-heading-title elementor-size-default\">Ausbildung<\/h2>\t\t<\/div>\n\t\t\t\t<\/div>\n\t\t\t\t<div class=\"elementor-element elementor-element-4354e9f elementor-widget elementor-widget-text-editor\" data-id=\"4354e9f\" data-element_type=\"widget\" data-widget_type=\"text-editor.default\">\n\t\t\t\t<div class=\"elementor-widget-container\">\n\t\t\t\t\t\t\t\t<div class=\"elementor-text-editor elementor-clearfix\">\n\t\t\t\t<ul><li>Psychotherapieausbildung (\u00d6GVT)<\/li><li>Fachausbildung Klinische- und Gesundheitspsychologin<\/li><li>Psychologiestudium<\/li><\/ul>\t\t\t\t\t<\/div>\n\t\t\t\t\t\t<\/div>\n\t\t\t\t<\/div>\n\t\t\t\t\t\t<\/div>\n\t\t\t\t\t<\/div>\n\t\t<\/div>\n\t\t\t\t<div class=\"elementor-column elementor-col-33 elementor-top-column elementor-element elementor-element-e286109\" data-id=\"e286109\" data-element_type=\"column\">\n\t\t\t<div class=\"elementor-column-wrap elementor-element-populated\">\n\t\t\t\t\t\t\t<div class=\"elementor-widget-wrap\">\n\t\t\t\t\t\t<div class=\"elementor-element elementor-element-6fa7268 elementor-view-default elementor-widget elementor-widget-icon\" data-id=\"6fa7268\" data-element_type=\"widget\" data-widget_type=\"icon.default\">\n\t\t\t\t<div class=\"elementor-widget-container\">\n\t\t\t\t\t<div class=\"elementor-icon-wrapper\">\n\t\t\t<div class=\"elementor-icon\">\n\t\t\t<i aria-hidden=\"true\" class=\"fas fa-cloud-meatball\"><\/i>\t\t\t<\/div>\n\t\t<\/div>\n\t\t\t\t<\/div>\n\t\t\t\t<\/div>\n\t\t\t\t<div class=\"elementor-element elementor-element-2a34474 elementor-widget elementor-widget-heading\" data-id=\"2a34474\" data-element_type=\"widget\" data-widget_type=\"heading.default\">\n\t\t\t\t<div class=\"elementor-widget-container\">\n\t\t\t<h2 class=\"elementor-heading-title elementor-size-default\">Mitglied bei<\/h2>\t\t<\/div>\n\t\t\t\t<\/div>\n\t\t\t\t<div class=\"elementor-element elementor-element-8d7c7c9 elementor-widget elementor-widget-text-editor\" data-id=\"8d7c7c9\" data-element_type=\"widget\" data-widget_type=\"text-editor.default\">\n\t\t\t\t<div class=\"elementor-widget-container\">\n\t\t\t\t\t\t\t\t<div class=\"elementor-text-editor elementor-clearfix\">\n\t\t\t\t<ul><li>\u00d6GVT (\u00d6sterreichische Gesellschaft f\u00fcr Verhaltenstherapie)<\/li><li>N\u00d6LP (Nieder\u00f6sterreichischer Landesverband f\u00fcr Psychotherapie)<\/li><\/ul>\t\t\t\t\t<\/div>\n\t\t\t\t\t\t<\/div>\n\t\t\t\t<\/div>\n\t\t\t\t\t\t<\/div>\n\t\t\t\t\t<\/div>\n\t\t<\/div>\n\t\t\t\t\t\t\t\t<\/div>\n\t\t\t\t\t<\/div>\n\t\t<\/section>\n\t\t\t\t<section class=\"elementor-section elementor-top-section elementor-element elementor-element-a99cd1f elementor-section-boxed elementor-section-height-default elementor-section-height-default\" data-id=\"a99cd1f\" data-element_type=\"section\">\n\t\t\t\t\t\t<div class=\"elementor-container elementor-column-gap-default\">\n\t\t\t\t\t\t\t<div class=\"elementor-row\">\n\t\t\t\t\t\t\t\t\t<\/div>\n\t\t\t\t\t<\/div>\n\t\t<\/section>\n\t\t\t\t<section class=\"elementor-section elementor-top-section elementor-element elementor-element-358a11c elementor-section-boxed elementor-section-height-default elementor-section-height-default\" data-id=\"358a11c\" data-element_type=\"section\">\n\t\t\t\t\t\t<div class=\"elementor-container elementor-column-gap-default\">\n\t\t\t\t\t\t\t<div class=\"elementor-row\">\n\t\t\t\t\t<div class=\"elementor-column elementor-col-50 elementor-top-column elementor-element elementor-element-0b285df\" data-id=\"0b285df\" data-element_type=\"column\">\n\t\t\t<div class=\"elementor-column-wrap elementor-element-populated\">\n\t\t\t\t\t\t\t<div class=\"elementor-widget-wrap\">\n\t\t\t\t\t\t<div class=\"elementor-element elementor-element-1bd1058 elementor-widget elementor-widget-image\" data-id=\"1bd1058\" data-element_type=\"widget\" data-widget_type=\"image.default\">\n\t\t\t\t<div class=\"elementor-widget-container\">\n\t\t\t\t\t\t\t\t<div class=\"elementor-image\">\n\t\t\t\t\t\t\t\t\t\t\t\t<img decoding=\"async\" width=\"1024\" height=\"768\" src=\"https:\/\/www.seelische-gesundheit.co.at\/wp-content\/uploads\/2020\/10\/Psychotherapie-Bruck-an-der-Leitha-1024x768.jpg\" class=\"attachment-large size-large\" alt=\"\" loading=\"lazy\" srcset=\"https:\/\/www.seelische-gesundheit.co.at\/wp-content\/uploads\/2020\/10\/Psychotherapie-Bruck-an-der-Leitha-1024x768.jpg 1024w, https:\/\/www.seelische-gesundheit.co.at\/wp-content\/uploads\/2020\/10\/Psychotherapie-Bruck-an-der-Leitha-300x225.jpg 300w, https:\/\/www.seelische-gesundheit.co.at\/wp-content\/uploads\/2020\/10\/Psychotherapie-Bruck-an-der-Leitha-768x576.jpg 768w, https:\/\/www.seelische-gesundheit.co.at\/wp-content\/uploads\/2020\/10\/Psychotherapie-Bruck-an-der-Leitha-1536x1152.jpg 1536w, https:\/\/www.seelische-gesundheit.co.at\/wp-content\/uploads\/2020\/10\/Psychotherapie-Bruck-an-der-Leitha-2048x1536.jpg 2048w\" sizes=\"(max-width: 1024px) 100vw, 1024px\" \/>\t\t\t\t\t\t\t\t\t\t\t\t\t\t<\/div>\n\t\t\t\t\t\t<\/div>\n\t\t\t\t<\/div>\n\t\t\t\t\t\t<\/div>\n\t\t\t\t\t<\/div>\n\t\t<\/div>\n\t\t\t\t<div class=\"elementor-column elementor-col-50 elementor-top-column elementor-element elementor-element-c5d03e5\" data-id=\"c5d03e5\" data-element_type=\"column\">\n\t\t\t<div class=\"elementor-column-wrap elementor-element-populated\">\n\t\t\t\t\t\t\t<div class=\"elementor-widget-wrap\">\n\t\t\t\t\t\t<div class=\"elementor-element elementor-element-38b4e3e elementor-widget elementor-widget-heading\" data-id=\"38b4e3e\" data-element_type=\"widget\" data-widget_type=\"heading.default\">\n\t\t\t\t<div class=\"elementor-widget-container\">\n\t\t\t<h2 class=\"elementor-heading-title elementor-size-default\">Meine Arbeitsweise<\/h2>\t\t<\/div>\n\t\t\t\t<\/div>\n\t\t\t\t<div class=\"elementor-element elementor-element-168190f elementor-widget elementor-widget-text-editor\" data-id=\"168190f\" data-element_type=\"widget\" data-widget_type=\"text-editor.default\">\n\t\t\t\t<div class=\"elementor-widget-container\">\n\t\t\t\t\t\t\t\t<div class=\"elementor-text-editor elementor-clearfix\">\n\t\t\t\t<p>Das Schaffen einer vertrauensvollen, respektvollen und angenehmen Arbeitsatmosph\u00e4re ist die Grundlage meiner psychotherapeutischen Arbeit. Im Rahmen der Sitzungen gehe ich auf Ihre individuellen Bed\u00fcrfnisse ein<span style=\"font-size: 14px; color: var( --e-global-color-text );\">. Wir erarbeiten gemeinsam an einer L\u00f6sung f\u00fcr die f\u00fcr Sie essenzielle Themenbereiche. Ich bin dabei laufend am neuesten Stand der wissenschaftlich anerkannten Methoden, wodurch eine bestm\u00f6gliche Behandlung auf Basis der aktuellen Erkenntnisse m\u00f6glich ist.<\/span><\/p>\t\t\t\t\t<\/div>\n\t\t\t\t\t\t<\/div>\n\t\t\t\t<\/div>\n\t\t\t\t\t\t<\/div>\n\t\t\t\t\t<\/div>\n\t\t<\/div>\n\t\t\t\t\t\t\t\t<\/div>\n\t\t\t\t\t<\/div>\n\t\t<\/section>\n\t\t\t\t<section class=\"elementor-section elementor-top-section elementor-element elementor-element-d25c83c elementor-section-boxed elementor-section-height-default elementor-section-height-default\" data-id=\"d25c83c\" data-element_type=\"section\">\n\t\t\t\t\t\t<div class=\"elementor-container elementor-column-gap-default\">\n\t\t\t\t\t\t\t<div class=\"elementor-row\">\n\t\t\t\t\t\t\t\t\t<\/div>\n\t\t\t\t\t<\/div>\n\t\t<\/section>\n\t\t\t\t\t\t\t\t\t<\/div>\n\t\t\t<\/div>\n\t\t\t\t\t<\/div>\n\t\t","protected":false},"excerpt":{"rendered":"<p>\u00dcber mich Mag. Karin Glaser Klinische PsychologinGesundheitspsychologinPsychotherapeutin (Verhaltenstherapie)Ich biete Psychotherapie im Bezirk Bruck an der Leitha f\u00fcr Erwachsene an.Ich arbeite verhaltenstherapeutisch, schematherapeutisch und mittels EMDR &#8211; einer traumaspezifischen Behandlungsmethode Berufserfahrung Psychotherapeutin am Psychosomatischen Zentrum Eggenburg am Kompetenzbereich Schmerzst\u00f6rungen, Angstst\u00f6rungen und affektive St\u00f6rungen Psychotherapeutin in Ausbildung unter Supervision am AKH Wien, Kinder- und Jugendpsychiatrie Klinische Psychologin [&hellip;]<\/p>\n","protected":false},"author":1,"featured_media":0,"parent":0,"menu_order":0,"comment_status":"closed","ping_status":"closed","template":"","meta":[],"yoast_head":"<!-- This site is optimized with the Yoast SEO plugin v19.10 - https:\/\/yoast.com\/wordpress\/plugins\/seo\/ -->\n<title>Psychotherapie Bruck an der Leitha | Psychotherapie Mag. Karin Glaser<\/title>\n<meta name=\"description\" content=\"Psychotherapie in Maria Ellend, Bruck an der Leitha. Tel.: 0699 10 26 57 36. E-Mail: psychologie-glaser@gmx.at\" \/>\n<meta name=\"robots\" content=\"index, follow, max-snippet:-1, max-image-preview:large, max-video-preview:-1\" \/>\n<link rel=\"canonical\" href=\"https:\/\/www.seelische-gesundheit.co.at\/\" \/>\n<meta property=\"og:locale\" content=\"de_DE\" \/>\n<meta property=\"og:type\" content=\"article\" \/>\n<meta property=\"og:title\" content=\"Psychotherapie Bruck an der Leitha | Psychotherapie Mag. Karin Glaser\" \/>\n<meta property=\"og:description\" content=\"Psychotherapie in Maria Ellend, Bruck an der Leitha. Tel.: 0699 10 26 57 36. E-Mail: psychologie-glaser@gmx.at\" \/>\n<meta property=\"og:url\" content=\"https:\/\/www.seelische-gesundheit.co.at\/\" \/>\n<meta property=\"og:site_name\" content=\"Psychotherapie Mag. Karin Glaser\" \/>\n<meta property=\"article:modified_time\" content=\"2024-11-03T14:09:25+00:00\" \/>\n<meta property=\"og:image\" content=\"https:\/\/www.seelische-gesundheit.co.at\/wp-content\/uploads\/2020\/06\/IMG_0596-683x1024.jpg\" \/>\n<meta name=\"twitter:card\" content=\"summary_large_image\" \/>\n<meta name=\"twitter:label1\" content=\"Gesch\u00e4tzte Lesezeit\" \/>\n\t<meta name=\"twitter:data1\" content=\"2\u00a0Minuten\" \/>\n<script type=\"application\/ld+json\" class=\"yoast-schema-graph\">{\"@context\":\"https:\/\/schema.org\",\"@graph\":[{\"@type\":\"WebPage\",\"@id\":\"https:\/\/www.seelische-gesundheit.co.at\/\",\"url\":\"https:\/\/www.seelische-gesundheit.co.at\/\",\"name\":\"Psychotherapie Bruck an der Leitha | Psychotherapie Mag. Karin Glaser\",\"isPartOf\":{\"@id\":\"https:\/\/www.seelische-gesundheit.co.at\/#website\"},\"datePublished\":\"2020-06-21T20:41:07+00:00\",\"dateModified\":\"2024-11-03T14:09:25+00:00\",\"description\":\"Psychotherapie in Maria Ellend, Bruck an der Leitha. Tel.: 0699 10 26 57 36. E-Mail: psychologie-glaser@gmx.at\",\"breadcrumb\":{\"@id\":\"https:\/\/www.seelische-gesundheit.co.at\/#breadcrumb\"},\"inLanguage\":\"de\",\"potentialAction\":[{\"@type\":\"ReadAction\",\"target\":[\"https:\/\/www.seelische-gesundheit.co.at\/\"]}]},{\"@type\":\"BreadcrumbList\",\"@id\":\"https:\/\/www.seelische-gesundheit.co.at\/#breadcrumb\",\"itemListElement\":[{\"@type\":\"ListItem\",\"position\":1,\"name\":\"Startseite\",\"item\":\"https:\/\/www.seelische-gesundheit.co.at\/\"},{\"@type\":\"ListItem\",\"position\":2,\"name\":\"\u00dcber mich\"}]},{\"@type\":\"WebSite\",\"@id\":\"https:\/\/www.seelische-gesundheit.co.at\/#website\",\"url\":\"https:\/\/www.seelische-gesundheit.co.at\/\",\"name\":\"Psychotherapie Mag. Karin Glaser\",\"description\":\"Psychotherapie im Bezirk Bruck an der Leitha, Psychotherapie f\u00fcr Kinder, Jugendliche und Erwachsene\",\"potentialAction\":[{\"@type\":\"SearchAction\",\"target\":{\"@type\":\"EntryPoint\",\"urlTemplate\":\"https:\/\/www.seelische-gesundheit.co.at\/?s={search_term_string}\"},\"query-input\":\"required name=search_term_string\"}],\"inLanguage\":\"de\"}]}<\/script>\n<!-- \/ Yoast SEO plugin. -->","yoast_head_json":{"title":"Psychotherapie Bruck an der Leitha | Psychotherapie Mag. Karin Glaser","description":"Psychotherapie in Maria Ellend, Bruck an der Leitha. Tel.: 0699 10 26 57 36. E-Mail: psychologie-glaser@gmx.at","robots":{"index":"index","follow":"follow","max-snippet":"max-snippet:-1","max-image-preview":"max-image-preview:large","max-video-preview":"max-video-preview:-1"},"canonical":"https:\/\/www.seelische-gesundheit.co.at\/","og_locale":"de_DE","og_type":"article","og_title":"Psychotherapie Bruck an der Leitha | Psychotherapie Mag. Karin Glaser","og_description":"Psychotherapie in Maria Ellend, Bruck an der Leitha. Tel.: 0699 10 26 57 36. E-Mail: psychologie-glaser@gmx.at","og_url":"https:\/\/www.seelische-gesundheit.co.at\/","og_site_name":"Psychotherapie Mag. Karin Glaser","article_modified_time":"2024-11-03T14:09:25+00:00","og_image":[{"url":"https:\/\/www.seelische-gesundheit.co.at\/wp-content\/uploads\/2020\/06\/IMG_0596-683x1024.jpg"}],"twitter_card":"summary_large_image","twitter_misc":{"Gesch\u00e4tzte Lesezeit":"2\u00a0Minuten"},"schema":{"@context":"https:\/\/schema.org","@graph":[{"@type":"WebPage","@id":"https:\/\/www.seelische-gesundheit.co.at\/","url":"https:\/\/www.seelische-gesundheit.co.at\/","name":"Psychotherapie Bruck an der Leitha | Psychotherapie Mag. Karin Glaser","isPartOf":{"@id":"https:\/\/www.seelische-gesundheit.co.at\/#website"},"datePublished":"2020-06-21T20:41:07+00:00","dateModified":"2024-11-03T14:09:25+00:00","description":"Psychotherapie in Maria Ellend, Bruck an der Leitha. Tel.: 0699 10 26 57 36. E-Mail: psychologie-glaser@gmx.at","breadcrumb":{"@id":"https:\/\/www.seelische-gesundheit.co.at\/#breadcrumb"},"inLanguage":"de","potentialAction":[{"@type":"ReadAction","target":["https:\/\/www.seelische-gesundheit.co.at\/"]}]},{"@type":"BreadcrumbList","@id":"https:\/\/www.seelische-gesundheit.co.at\/#breadcrumb","itemListElement":[{"@type":"ListItem","position":1,"name":"Startseite","item":"https:\/\/www.seelische-gesundheit.co.at\/"},{"@type":"ListItem","position":2,"name":"\u00dcber mich"}]},{"@type":"WebSite","@id":"https:\/\/www.seelische-gesundheit.co.at\/#website","url":"https:\/\/www.seelische-gesundheit.co.at\/","name":"Psychotherapie Mag. Karin Glaser","description":"Psychotherapie im Bezirk Bruck an der Leitha, Psychotherapie f\u00fcr Kinder, Jugendliche und Erwachsene","potentialAction":[{"@type":"SearchAction","target":{"@type":"EntryPoint","urlTemplate":"https:\/\/www.seelische-gesundheit.co.at\/?s={search_term_string}"},"query-input":"required name=search_term_string"}],"inLanguage":"de"}]}},"_links":{"self":[{"href":"https:\/\/www.seelische-gesundheit.co.at\/index.php?rest_route=\/wp\/v2\/pages\/59"}],"collection":[{"href":"https:\/\/www.seelische-gesundheit.co.at\/index.php?rest_route=\/wp\/v2\/pages"}],"about":[{"href":"https:\/\/www.seelische-gesundheit.co.at\/index.php?rest_route=\/wp\/v2\/types\/page"}],"author":[{"embeddable":true,"href":"https:\/\/www.seelische-gesundheit.co.at\/index.php?rest_route=\/wp\/v2\/users\/1"}],"replies":[{"embeddable":true,"href":"https:\/\/www.seelische-gesundheit.co.at\/index.php?rest_route=%2Fwp%2Fv2%2Fcomments&post=59"}],"version-history":[{"count":99,"href":"https:\/\/www.seelische-gesundheit.co.at\/index.php?rest_route=\/wp\/v2\/pages\/59\/revisions"}],"predecessor-version":[{"id":14020,"href":"https:\/\/www.seelische-gesundheit.co.at\/index.php?rest_route=\/wp\/v2\/pages\/59\/revisions\/14020"}],"wp:attachment":[{"href":"https:\/\/www.seelische-gesundheit.co.at\/index.php?rest_route=%2Fwp%2Fv2%2Fmedia&parent=59"}],"curies":[{"name":"wp","href":"https:\/\/api.w.org\/{rel}","templated":true}]}}